{"id":842,"date":"2010-04-15T23:29:52","date_gmt":"2010-04-15T23:29:52","guid":{"rendered":"http:\/\/www.pianomundo.com.ar\/rockpop\/privacy-policy\/"},"modified":"2010-04-15T23:29:52","modified_gmt":"2010-04-15T23:29:52","slug":"privacy-policy","status":"publish","type":"page","link":"https:\/\/www.pianomundo.com.ar\/rockpop\/privacy-policy\/","title":{"rendered":"Pol\u00edticas de Privacidad"},"content":{"rendered":"<p><strong>Su privacidad<\/strong><br \/>Por medio de nuestra pol\u00edtica de privacidad y denegaci\u00f3n de responsabilidades le ponemos al tanto de las debidas condiciones de uso en este sitio.<\/p>\n<p>La utilizaci\u00f3n de este sitio, VisitaCasas.com, implica su aceptaci\u00f3n plena y sin reservas a todas y cada una de las disposiciones incluidas en este Aviso Legal, por lo que si usted no est\u00e1 de acuerdo con cualquiera de las condiciones aqu\u00ed establecidas, no deber\u00e1 usar u\/o acceder a este sitio.<\/p>\n<p>Reservamos el derecho a modificar esta Declaraci\u00f3n de Privacidad en cualquier momento. Su uso continuo de cualquier porci\u00f3n de este sitio tras la notificaci\u00f3n o anuncio de tales modificaciones constituir\u00e1 su aceptaci\u00f3n de tales cambios.<\/p>\n<p\/><strong>Google Adsense y la Cookie DoubleClick DART<\/strong><br \/>Este sitio hace uso de cookies, el cual son peque\u00f1os ficheros de datos que se generan en su ordenador, este env\u00eda informaci\u00f3n sin proporcionar referencias que permitan deducir datos personales de este.<\/p>\n<p>Usted podr\u00e1 configurar su navegador para que notifique y rechace la instalaci\u00f3n de las cookies enviadas por este sitio, sin que ello perjudique la posibilidad de acceder a los contenidos. Sin embargo, no nos responsabilizamos de que la desactivaci\u00f3n de los mismos impida el buen funcionamiento del sitio.<\/p>\n<p>Para desactivar las Cookies publicitarias y que los sistemas de Google Adsense no creen un perfil de su navegaci\u00f3n, acceda a este enlace y dele click a \u201cInhabilitar\u201d.<\/p>\n<p>Usted puede visitar el sitio de Google en el siguiente enlace: <a href=\"http:\/\/www.google.com\/privacy_ads.html\">http:\/\/www.google.com\/privacy_ads.html<\/a> dado que la cookie Dart se encuentra sujeta a las pol\u00edticas de privacidad de Google indicadas en el enlace precedente.<\/p>\n<p\/><strong>Acciones de terceros<\/strong><br \/>Asimismo, usted encontrar\u00e1 dentro de este sitio, p\u00e1ginas, promociones, micrositios, tiendas virtuales, encuestas, patrocinadores, publicistas, contratistas y\/o socios y servicios comerciales, en conjunto con otros servicios compartidos, propios o cobrandeados con terceros (\u201dSitios Cobrandeados\u201d) que le podr\u00e1n solicitar Informaci\u00f3n, los cuales este sitio le podr\u00e1 revelar informaci\u00f3n proporcionada por usted.<\/p>\n<p>La Informaci\u00f3n que se proporcione en estos Sitios Cobrandeados esta sujeta a las pol\u00edticas de privacidad o leyendas de Responsabilidad de Informaci\u00f3n que se desplieguen en dichos Sitios y no estar\u00e1 sujeta a esta pol\u00edtica de privacidad. Por lo que recomendamos ampliamente a los Usuarios a revisar detalladamente las pol\u00edticas de privacidad que se desplieguen en los Sitios Cobrandeados.<\/p>\n<p>Pol\u00edtica De Privacidad De La Publicidad Proporcionada En Este Sitio:<br \/>\n    * Google Adsense: <a href=\"http:\/\/www.google.com\/intl\/es_ALL\/privacypolicy.html\">http:\/\/www.google.com\/intl\/es_ALL\/privacypolicy.html<\/a><\/p>\n<p>Nosotros estudiamos las preferencias de nuestros usuarios, sus caracter\u00edsticas demogr\u00e1ficas, sus patrones de tr\u00e1fico, y otra informaci\u00f3n en conjunto para comprender mejor qui\u00e9nes constituyen nuestra audiencia y qu\u00e9 es lo que usted necesita. El rastreo de las preferencias de nuestros usuarios tambi\u00e9n nos ayuda a servirle a usted los avisos publicitarios m\u00e1s relevantes.<\/p>\n<p>Pol\u00edtica De Privacidad De Fuentes De Rastreo Utilizadas En Este Sitio:<br \/>\n    * Google (Analytics): <a href=\"http:\/\/www.google.com\/intl\/es_ALL\/privacypolicy.html\">http:\/\/www.google.com\/intl\/es_ALL\/privacypolicy.html<\/a><\/p>\n<p\/><strong>Recolecci\u00f3n de informaci\u00f3n personal<\/strong><br \/>Para utilizar algunos de los servicios o acceder a determinados contenidos, deber\u00e1 proporcionar previamente ciertos datos de car\u00e1cter personal, que solo ser\u00e1n utilizados para el prop\u00f3sito que fueron recopilados.<\/p>\n<p>El tipo de la posible Informaci\u00f3n que se le sea solicitada incluye, de manera enunciativa m\u00e1s no limitativa, su nombre, direcci\u00f3n de correo electr\u00f3nico (e-mail), fecha de nacimiento, sexo, ocupaci\u00f3n, pa\u00eds y ciudad de origen e intereses personales, entre otros, no toda la Informaci\u00f3n solicitada al momento de participar en el sitio es obligatoria de proporcionarse, salvo aquella que consideremos conveniente y que as\u00ed se le haga saber.<\/p>\n<p>C\u00f3mo principio general, este sitio no comparte ni revela informaci\u00f3n obtenida, excepto cuando haya sido autorizada por usted, o en los siguientes casos:<br \/>\na) Cuando le sea requerido por una autoridad competente y previo el cumplimiento del tr\u00e1mite legal correspondiente y b) Cuando a juicio de este sitio sea necesario para hacer cumplir las condiciones de uso y dem\u00e1s t\u00e9rminos de esta p\u00e1gina, o para salvaguardar la integridad de los dem\u00e1s usuarios o del sitio.<br \/>\nDeber\u00e1 estar consciente de que si usted voluntariamente revela informaci\u00f3n personal en l\u00ednea en un \u00e1rea p\u00fablica, esa informaci\u00f3n puede ser recogida y usada por otros. Nosotros no controlamos las acciones de nuestros visitantes y usuarios.<\/p>\n<p\/><strong>Informaci\u00f3n sanitaria y\/o referida a la salud<\/strong><br \/>El presente Sitio Web puede contener informaci\u00f3n acerca de enfermedades o problemas f\u00edsicos o que afecten a la salud, su prevenci\u00f3n y tratamiento. Esta Informaci\u00f3n se proporciona con fines meramente informativos. <\/p>\n<p>LA INFORMACI\u00d3N CONTENIDA EN ESTE SITIO WEB NO PRETENDE PROPORCIONAR O SUSTITUIR EL CONSEJO M\u00c9DICO. PROHIBIMOS EXPRESAMENTE LA UTILIZACI\u00d3N DE LA INFORMACI\u00d3N AQU\u00cd CONTENIDA PARA EL DIAGN\u00d3STICO DE CUALQUIER ENFERMEDAD O PROBLEMA F\u00cdSICO O RELACIONADO CON LA SALUD. PARA CUALQUIER PROBLEMA DE SALUD, CONSULTE A SU M\u00c9DICO O ASESOR M\u00c9DICO. NO OFRECEMOS DIAGN\u00d3STICO M\u00c9DICO PERSONALIZADO NI CONSEJO M\u00c9DICO ESPEC\u00cdFICO PARA PACIENTES.<\/p>\n<p>Consulte siempre directamente al m\u00e9dico que le trata para obtener un asesoramiento m\u00e9dico completo. Los pacientes y m\u00e9dicos deben verificar siempre con sus fuentes m\u00e9dicas y autoridades sanitarias locales la informaci\u00f3n correspondiente a su pa\u00eds.<\/p>\n<p\/><strong>Cambios en las pol\u00edticas de privacidad<\/strong><br \/>Los contenidos de estas pol\u00edticas pueden ser cambiados sin previo aviso.<\/p>\n<p>Si Usted tiene duda sobre las pol\u00edticas de privacidad del sitio M\u00fasica de Pianos y Operas, puede contactarnos por e-mail a hispamundo@gmail.com<\/p>\n<p\/>\n<div style=\"font-style:italic;font-size:10px;\">Last updated Thu, 15 Apr 2010 23:29<\/div>\n","protected":false},"excerpt":{"rendered":"<p>Su privacidadPor medio de nuestra pol\u00edtica de privacidad y denegaci\u00f3n de responsabilidades le ponemos al tanto de las debidas condiciones [&hellip;]<\/p>\n","protected":false},"author":1,"featured_media":492,"parent":0,"menu_order":0,"comment_status":"closed","ping_status":"open","template":"","meta":{"site-sidebar-layout":"default","site-content-layout":"","ast-site-content-layout":"default","site-content-style":"default","site-sidebar-style":"default","ast-global-header-display":"","ast-banner-title-visibility":"","ast-main-header-display":"","ast-hfb-above-header-display":"","ast-hfb-below-header-display":"","ast-hfb-mobile-header-display":"","site-post-title":"","ast-breadcrumbs-content":"","ast-featured-img":"","footer-sml-layout":"","theme-transparent-header-meta":"","adv-header-id-meta":"","stick-header-meta":"","header-above-stick-meta":"","header-main-stick-meta":"","header-below-stick-meta":"","astra-migrate-meta-layouts":"default","ast-page-background-enabled":"default","ast-page-background-meta":{"desktop":{"background-color":"var(--ast-global-color-5)","background-image":"","background-repeat":"repeat","background-position":"center center","background-size":"auto","background-attachment":"scroll","background-type":"","background-media":"","overlay-type":"","overlay-color":"","overlay-opacity":"","overlay-gradient":""},"tablet":{"background-color":"","background-image":"","background-repeat":"repeat","background-position":"center center","background-size":"auto","background-attachment":"scroll","background-type":"","background-media":"","overlay-type":"","overlay-color":"","overlay-opacity":"","overlay-gradient":""},"mobile":{"background-color":"","background-image":"","background-repeat":"repeat","background-position":"center center","background-size":"auto","background-attachment":"scroll","background-type":"","background-media":"","overlay-type":"","overlay-color":"","overlay-opacity":"","overlay-gradient":""}},"ast-content-background-meta":{"desktop":{"background-color":"var(--ast-global-color-4)","background-image":"","background-repeat":"repeat","background-position":"center center","background-size":"auto","background-attachment":"scroll","background-type":"","background-media":"","overlay-type":"","overlay-color":"","overlay-opacity":"","overlay-gradient":""},"tablet":{"background-color":"var(--ast-global-color-4)","background-image":"","background-repeat":"repeat","background-position":"center center","background-size":"auto","background-attachment":"scroll","background-type":"","background-media":"","overlay-type":"","overlay-color":"","overlay-opacity":"","overlay-gradient":""},"mobile":{"background-color":"var(--ast-global-color-4)","background-image":"","background-repeat":"repeat","background-position":"center center","background-size":"auto","background-attachment":"scroll","background-type":"","background-media":"","overlay-type":"","overlay-color":"","overlay-opacity":"","overlay-gradient":""}},"footnotes":""},"class_list":["post-842","page","type-page","status-publish","has-post-thumbnail","hentry"],"_links":{"self":[{"href":"https:\/\/www.pianomundo.com.ar\/rockpop\/wp-json\/wp\/v2\/pages\/842","targetHints":{"allow":["GET"]}}],"collection":[{"href":"https:\/\/www.pianomundo.com.ar\/rockpop\/wp-json\/wp\/v2\/pages"}],"about":[{"href":"https:\/\/www.pianomundo.com.ar\/rockpop\/wp-json\/wp\/v2\/types\/page"}],"author":[{"embeddable":true,"href":"https:\/\/www.pianomundo.com.ar\/rockpop\/wp-json\/wp\/v2\/users\/1"}],"replies":[{"embeddable":true,"href":"https:\/\/www.pianomundo.com.ar\/rockpop\/wp-json\/wp\/v2\/comments?post=842"}],"version-history":[{"count":0,"href":"https:\/\/www.pianomundo.com.ar\/rockpop\/wp-json\/wp\/v2\/pages\/842\/revisions"}],"wp:featuredmedia":[{"embeddable":true,"href":"https:\/\/www.pianomundo.com.ar\/rockpop\/wp-json\/wp\/v2\/media\/492"}],"wp:attachment":[{"href":"https:\/\/www.pianomundo.com.ar\/rockpop\/wp-json\/wp\/v2\/media?parent=842"}],"curies":[{"name":"wp","href":"https:\/\/api.w.org\/{rel}","templated":true}]}}